{"id":934,"date":"2024-03-06T13:37:13","date_gmt":"2024-03-06T13:37:13","guid":{"rendered":"http:\/\/tecnica1avellaneda.com.ar\/web\/?page_id=934"},"modified":"2024-03-06T14:10:42","modified_gmt":"2024-03-06T14:10:42","slug":"carreras","status":"publish","type":"page","link":"http:\/\/tecnica1avellaneda.com.ar\/web\/carreras\/","title":{"rendered":"Carreras"},"content":{"rendered":"\n<div class=\"wp-block-uagb-container uagb-block-bb76ffd8 alignfull uagb-is-root-container\"><div class=\"uagb-container-inner-blocks-wrap\">\n<div class=\"wp-block-uagb-advanced-heading uagb-block-55975aef\"><h1 class=\"uagb-heading-text\">CARRERAS<\/h1><\/div>\n<\/div><\/div>\n\n\n\n<div style=\"height:31px\" aria-hidden=\"true\" class=\"wp-block-spacer\"><\/div>\n\n\n\n<hr class=\"wp-block-separator has-text-color has-vivid-red-color has-alpha-channel-opacity has-vivid-red-background-color has-background\"\/>\n\n\n\n<div class=\"wp-block-uagb-container uagb-block-d45ad8ec alignfull uagb-is-root-container\"><div class=\"uagb-container-inner-blocks-wrap\">\n<div class=\"wp-block-uagb-container uagb-block-f0947260\">\n<figure class=\"wp-block-image size-full is-resized\"><a href=\"http:\/\/tecnica1avellaneda.com.ar\/web\/wp-content\/uploads\/2024\/03\/basico.jpg\"><img loading=\"lazy\" decoding=\"async\" width=\"261\" height=\"196\" src=\"http:\/\/tecnica1avellaneda.com.ar\/web\/wp-content\/uploads\/2024\/03\/basico.jpg\" alt=\"\" class=\"wp-image-943\" style=\"width:231px;height:auto\"\/><\/a><\/figure>\n<\/div>\n\n\n\n<div class=\"wp-block-uagb-container uagb-block-6584c33d\">\n<h2 class=\"wp-block-heading\">Ciclo B\u00e1sico<\/h2>\n\n\n\n<p>La Educaci\u00f3n T\u00e9cnico Profesional como modalidad promueve la cultura del trabajo y la producci\u00f3n para el desarrollo territorial sustentable del pa\u00eds y sus regiones, como elemento clave de las estrategias de inclusi\u00f3n social, de desarrollo y crecimiento socio-productivo, de innovaci\u00f3n tecnol\u00f3gica, creando conciencia sobre el pleno ejercicio de los derechos laborales.<\/p>\n\n\n\n<div class=\"wp-block-uagb-separator uagb-block-355743d8\"><div class=\"wp-block-uagb-separator__inner\" style=\"--my-background-image:\"><\/div><\/div>\n<\/div>\n<\/div><\/div>\n\n\n\n<div class=\"wp-block-uagb-container uagb-block-7d83e682 alignfull uagb-is-root-container\"><div class=\"uagb-container-inner-blocks-wrap\">\n<hr class=\"wp-block-separator has-alpha-channel-opacity\"\/>\n\n\n\n<h2 class=\"wp-block-heading\">TECNICATURAS<\/h2>\n<\/div><\/div>\n\n\n\n<div class=\"wp-block-uagb-container uagb-block-ea788f08 alignfull uagb-is-root-container\"><div class=\"uagb-container-inner-blocks-wrap\">\n<div class=\"wp-block-uagb-container uagb-block-bcd60d71\">\n<figure class=\"wp-block-image size-full\"><a href=\"http:\/\/tecnica1avellaneda.com.ar\/web\/wp-content\/uploads\/2024\/03\/tecpro.jpg\"><img loading=\"lazy\" decoding=\"async\" width=\"261\" height=\"174\" src=\"http:\/\/tecnica1avellaneda.com.ar\/web\/wp-content\/uploads\/2024\/03\/tecpro.jpg\" alt=\"\" class=\"wp-image-935\"\/><\/a><\/figure>\n<\/div>\n\n\n\n<div class=\"wp-block-uagb-container uagb-block-90cee2bd\">\n<figure class=\"wp-block-image size-full\"><a href=\"http:\/\/tecnica1avellaneda.com.ar\/web\/wp-content\/uploads\/2024\/03\/tecip.jpg\"><img loading=\"lazy\" decoding=\"async\" width=\"261\" height=\"174\" src=\"http:\/\/tecnica1avellaneda.com.ar\/web\/wp-content\/uploads\/2024\/03\/tecip.jpg\" alt=\"\" class=\"wp-image-936\"\/><\/a><\/figure>\n<\/div>\n\n\n\n<div class=\"wp-block-uagb-container uagb-block-10ab151c\">\n<figure class=\"wp-block-image size-full\"><a href=\"http:\/\/tecnica1avellaneda.com.ar\/web\/wp-content\/uploads\/2024\/03\/tecao.jpg\"><img loading=\"lazy\" decoding=\"async\" width=\"261\" height=\"174\" src=\"http:\/\/tecnica1avellaneda.com.ar\/web\/wp-content\/uploads\/2024\/03\/tecao.jpg\" alt=\"\" class=\"wp-image-937\"\/><\/a><\/figure>\n<\/div>\n\n\n\n<div class=\"wp-block-uagb-container uagb-block-4b93ebce\">\n<figure class=\"wp-block-image size-full\"><a href=\"http:\/\/tecnica1avellaneda.com.ar\/web\/wp-content\/uploads\/2024\/03\/tecnav.jpg\"><img loading=\"lazy\" decoding=\"async\" width=\"261\" height=\"174\" src=\"http:\/\/tecnica1avellaneda.com.ar\/web\/wp-content\/uploads\/2024\/03\/tecnav.jpg\" alt=\"\" class=\"wp-image-938\"\/><\/a><\/figure>\n<\/div>\n<\/div><\/div>\n\n\n\n<div class=\"wp-block-uagb-container uagb-block-52bb4bbb alignfull uagb-is-root-container\"><div class=\"uagb-container-inner-blocks-wrap\">\n<div class=\"wp-block-uagb-container uagb-block-45eff162\">\n<h2 class=\"wp-block-heading\">TECPRO<\/h2>\n<\/div>\n\n\n\n<div class=\"wp-block-uagb-container uagb-block-356d3a80\">\n<h2 class=\"wp-block-heading\">TECIPP<\/h2>\n<\/div>\n\n\n\n<div class=\"wp-block-uagb-container uagb-block-5858e900\">\n<h2 class=\"wp-block-heading\">TECAO<\/h2>\n<\/div>\n\n\n\n<div class=\"wp-block-uagb-container uagb-block-06239b09\">\n<h2 class=\"wp-block-heading\">TECNAV<\/h2>\n<\/div>\n<\/div><\/div>\n\n\n\n<div class=\"wp-block-uagb-container uagb-block-c2fe88b7 alignfull uagb-is-root-container\"><div class=\"uagb-container-inner-blocks-wrap\">\n<div class=\"wp-block-uagb-container uagb-block-74673a9a\">\n<p>El T\u00e9cnico en Programaci\u00f3n estar\u00e1 capacitado para realizar programas o componentes de sistemas de computaci\u00f3n \u2013 interpretar especificaciones de dise\u00f1o, documentar los productos realizados, verificar los componentes programados, buscar causas de malfuncionamiento y corregir los programas o adaptarlos a cambios en las especificaciones. Participa en proyectos de desarrollo de software.<\/p>\n<\/div>\n\n\n\n<div class=\"wp-block-uagb-container uagb-block-f7628199\">\n<p>El T\u00e9cnico en Inform\u00e1tica Profesional y Personal est\u00e1 capacitado para asistir al usuario de productos y servicios inform\u00e1ticos brind\u00e1ndole servicios de instalaci\u00f3n, capacitaci\u00f3n, sistematizaci\u00f3n, mantenimiento primario, resoluci\u00f3n de problemas derivados de la operatoria, y apoyo a la contrataci\u00f3n de productos o servicios inform\u00e1ticos.<\/p>\n<\/div>\n\n\n\n<div class=\"wp-block-uagb-container uagb-block-29e17ab5\">\n<p>El T\u00e9cnico en administraci\u00f3n de las organizaciones est\u00e1 capacitado para desarrollar las siguientes actividades: operar en los procesos administrativos b\u00e1sicos , ejecutar, tramitar operaciones bancarias y de gestor\u00eda, asistir en cuestiones administrativas a los niveles gerenciales, operar eficazmente en la administraci\u00f3n de bienes y servicios, practicar en equipos t\u00e9cnicos interdisciplinarios, etc<\/p>\n<\/div>\n\n\n\n<div class=\"wp-block-uagb-container uagb-block-3a1630ba\">\n<p>El T\u00e9cnico en Construcciones Navales estar\u00e1 capacitado para, proyectar y dise\u00f1ar elementos, dispositivos, equipos, instalaciones mec\u00e1nicas en nav\u00edos acorde a sus habilitaciones profesionales, montar e instalar elementos, dispositivos, equipamiento, artefactos e instalaciones, realizar el mantenimiento de sistemas y equipamiento mec\u00e1nico de nav\u00edos, etc.<\/p>\n<\/div>\n<\/div><\/div>\n","protected":false},"excerpt":{"rendered":"<p>CARRERAS Ciclo B\u00e1sico La Educaci\u00f3n T\u00e9cnico Profesional como modalidad promueve la cultura del trabajo y la producci\u00f3n para el desarrollo [&hellip;]<\/p>\n","protected":false},"author":2,"featured_media":0,"parent":0,"menu_order":0,"comment_status":"closed","ping_status":"closed","template":"","meta":{"_uag_custom_page_level_css":"","site-sidebar-layout":"default","site-content-layout":"","ast-site-content-layout":"default","site-content-style":"default","site-sidebar-style":"default","ast-global-header-display":"","ast-banner-title-visibility":"","ast-main-header-display":"","ast-hfb-above-header-display":"","ast-hfb-below-header-display":"","ast-hfb-mobile-header-display":"","site-post-title":"disabled","ast-breadcrumbs-content":"","ast-featured-img":"","footer-sml-layout":"","ast-disable-related-posts":"","theme-transparent-header-meta":"disabled","adv-header-id-meta":"","stick-header-meta":"","header-above-stick-meta":"","header-main-stick-meta":"","header-below-stick-meta":"","astra-migrate-meta-layouts":"set","ast-page-background-enabled":"default","ast-page-background-meta":{"desktop":{"background-color":"var(--ast-global-color-4)","background-image":"","background-repeat":"repeat","background-position":"center center","background-size":"auto","background-attachment":"scroll","background-type":"","background-media":"","overlay-type":"","overlay-color":"","overlay-opacity":"","overlay-gradient":""},"tablet":{"background-color":"","background-image":"","background-repeat":"repeat","background-position":"center center","background-size":"auto","background-attachment":"scroll","background-type":"","background-media":"","overlay-type":"","overlay-color":"","overlay-opacity":"","overlay-gradient":""},"mobile":{"background-color":"","background-image":"","background-repeat":"repeat","background-position":"center center","background-size":"auto","background-attachment":"scroll","background-type":"","background-media":"","overlay-type":"","overlay-color":"","overlay-opacity":"","overlay-gradient":""}},"ast-content-background-meta":{"desktop":{"background-color":"var(--ast-global-color-5)","background-image":"","background-repeat":"repeat","background-position":"center center","background-size":"auto","background-attachment":"scroll","background-type":"","background-media":"","overlay-type":"","overlay-color":"","overlay-opacity":"","overlay-gradient":""},"tablet":{"background-color":"var(--ast-global-color-5)","background-image":"","background-repeat":"repeat","background-position":"center center","background-size":"auto","background-attachment":"scroll","background-type":"","background-media":"","overlay-type":"","overlay-color":"","overlay-opacity":"","overlay-gradient":""},"mobile":{"background-color":"var(--ast-global-color-5)","background-image":"","background-repeat":"repeat","background-position":"center center","background-size":"auto","background-attachment":"scroll","background-type":"","background-media":"","overlay-type":"","overlay-color":"","overlay-opacity":"","overlay-gradient":""}},"footnotes":""},"class_list":["post-934","page","type-page","status-publish","hentry"],"uagb_featured_image_src":{"full":false,"thumbnail":false,"medium":false,"medium_large":false,"large":false,"1536x1536":false,"2048x2048":false},"uagb_author_info":{"display_name":"c1540361","author_link":"http:\/\/tecnica1avellaneda.com.ar\/web\/author\/c1540361\/"},"uagb_comment_info":0,"uagb_excerpt":"CARRERAS Ciclo B\u00e1sico La Educaci\u00f3n T\u00e9cnico Profesional como modalidad promueve la cultura del trabajo y la producci\u00f3n para el desarrollo [&hellip;]","_links":{"self":[{"href":"http:\/\/tecnica1avellaneda.com.ar\/web\/wp-json\/wp\/v2\/pages\/934","targetHints":{"allow":["GET"]}}],"collection":[{"href":"http:\/\/tecnica1avellaneda.com.ar\/web\/wp-json\/wp\/v2\/pages"}],"about":[{"href":"http:\/\/tecnica1avellaneda.com.ar\/web\/wp-json\/wp\/v2\/types\/page"}],"author":[{"embeddable":true,"href":"http:\/\/tecnica1avellaneda.com.ar\/web\/wp-json\/wp\/v2\/users\/2"}],"replies":[{"embeddable":true,"href":"http:\/\/tecnica1avellaneda.com.ar\/web\/wp-json\/wp\/v2\/comments?post=934"}],"version-history":[{"count":24,"href":"http:\/\/tecnica1avellaneda.com.ar\/web\/wp-json\/wp\/v2\/pages\/934\/revisions"}],"predecessor-version":[{"id":971,"href":"http:\/\/tecnica1avellaneda.com.ar\/web\/wp-json\/wp\/v2\/pages\/934\/revisions\/971"}],"wp:attachment":[{"href":"http:\/\/tecnica1avellaneda.com.ar\/web\/wp-json\/wp\/v2\/media?parent=934"}],"curies":[{"name":"wp","href":"https:\/\/api.w.org\/{rel}","templated":true}]}}